{"id":3762,"date":"2022-06-08T09:12:51","date_gmt":"2022-06-08T08:12:51","guid":{"rendered":"https:\/\/boogaerts.be\/algemene-verkoopvoorwaarden-2\/"},"modified":"2022-06-08T12:41:24","modified_gmt":"2022-06-08T11:41:24","slug":"algemene-verkoopvoorwaarden","status":"publish","type":"page","link":"https:\/\/boogaerts.be\/fr\/algemene-verkoopvoorwaarden\/","title":{"rendered":"Contrats g\u00e9n\u00e9raux de vente"},"content":{"rendered":"\n<ol class=\"wp-block-list\"><li>En vertu du contrat, l&#8217;acheteur est r\u00e9put\u00e9 avoir pris connaissance des conditions de vente et d\u00e9clare les accepter, quelles que soient les conditions d&#8217;achat qui pourraient leur \u00eatre contraires. Tous nos prix sont &#8220;r\u00e9cup\u00e9r\u00e9s&#8221; dans notre entrep\u00f4t \u00e0 Oostmalle. Tous les frais d&#8217;exp\u00e9dition seront factur\u00e9s. Toutes les ventes s&#8217;effectuent au comptant, net sans escompte, sauf mention contraire dans les conditions particuli\u00e8res.<\/li><li>En aucun cas, d&#8217;autres conditions de paiement ne d\u00e9clencheront un renouvellement. Nos prix sont sans engagement et peuvent toujours \u00eatre modifi\u00e9s sans pr\u00e9avis.<\/li><li>Tous les biens collect\u00e9s restent notre propri\u00e9t\u00e9 jusqu&#8217;\u00e0 leur paiement int\u00e9gral.<\/li><li>La TVA est \u00e0 la charge de l&#8217;acheteur.<\/li><li>Toutes les livraisons par nos soins s&#8217;entendront sur des routes carrossables, facilement accessibles pour les camions charg\u00e9s. Le chauffeur n&#8217;est pas responsable des d\u00e9gradations des trottoirs, murs de jardin, \u00e9gouts, etc&#8230; si, \u00e0 la demande du client, il doit livrer les mat\u00e9riaux dans des endroits difficiles d&#8217;acc\u00e8s.<\/li><li>Les marchandises livr\u00e9es ne sont PAS reprises ni \u00e9chang\u00e9es. Les marchandises livr\u00e9es s\u00e9par\u00e9ment telles que charni\u00e8res, joints, cylindres, etc. sont list\u00e9es s\u00e9par\u00e9ment au recto du bon de livraison ou de la facture, et doivent \u00eatre v\u00e9rifi\u00e9es et recompt\u00e9es \u00e0 r\u00e9ception. Au d\u00e9part, le client s&#8217;engage \u00e0 respecter les quantit\u00e9s indiqu\u00e9es sur le bon de livraison ou la facture.<\/li><li>Au d\u00e9part, le client s&#8217;engage \u00e0 respecter les quantit\u00e9s indiqu\u00e9es sur le bon de livraison ou la facture.<\/li><li>Les r\u00e9clamations ne seront pas accept\u00e9es si elles ne sont pas signal\u00e9es par \u00e9crit \u00e0 notre adresse dans les 8 jours suivant la livraison. Aucune r\u00e9clamation ne sera accept\u00e9e apr\u00e8s mise en place des marchandises livr\u00e9es.<\/li><li>En cas de non-paiement d&#8217;une facture dans le d\u00e9lai indiqu\u00e9 sur le devis, des int\u00e9r\u00eats au taux de 1,5% par mois seront factur\u00e9s sur un montant total (TTC) \u00e0 compter de la date d&#8217;\u00e9ch\u00e9ance, soit 15 jours apr\u00e8s la date de facturation. , de plein droit et sans autre mise en demeure. Les frais d&#8217;encaissement et les frais de recouvrement sont \u00e0 la charge de l&#8217;acheteur. En cas de non-paiement dans un d\u00e9lai qui expire 8 jours apr\u00e8s un rappel envoy\u00e9 par lettre recommand\u00e9e, l&#8217;acheteur ou la personne factur\u00e9e est oblig\u00e9, en application de l&#8217;art. 1139 et 1147 du Code civil n\u00e9erlandais, une indemnit\u00e9 \u00e0 verser au vendeur de mani\u00e8re conventionnelle et forfaitaire de 20% du montant impay\u00e9, avec un minimum de 85 EUR.<\/li><li>L&#8217;acceptation de la facture vaut acceptation des conditions g\u00e9n\u00e9rales de vente du vendeur.<\/li><li>Le d\u00e9lai de livraison est donn\u00e9 \u00e0 titre indicatif et ne peut en aucun cas donner lieu \u00e0 un quelconque d\u00e9dommagement.<\/li><li>Nos offres ne sont valables que pour les quantit\u00e9s, dimensions et sp\u00e9cifications indiqu\u00e9es par nous, selon notre documentation. Les descriptions dans les devis et plans &#8211; en notre possession ou non &#8211; ne seront en aucun cas consid\u00e9r\u00e9es comme contractuelles.<\/li><li>Seuls les tribunaux d&#8217;Anvers ou de Turnhout sont comp\u00e9tents pour tous les litiges en rapport avec le pr\u00e9sent contrat.<\/li><\/ol>\n","protected":false},"excerpt":{"rendered":"<p>En vertu du contrat, l&#8217;acheteur est r\u00e9put\u00e9 avoir pris connaissance des conditions de vente et d\u00e9clare les accepter, quelles que soient les conditions d&#8217;achat qui pourraient leur \u00eatre contraires. Tous nos prix sont &#8220;r\u00e9cup\u00e9r\u00e9s&#8221; dans notre entrep\u00f4t \u00e0 Oostmalle. Tous les frais d&#8217;exp\u00e9dition seront factur\u00e9s. Toutes les ventes s&#8217;effectuent au comptant, net sans escompte, sauf [&hellip;]<\/p>\n","protected":false},"author":1,"featured_media":0,"parent":0,"menu_order":0,"comment_status":"closed","ping_status":"closed","template":"","meta":{"site-sidebar-layout":"default","site-content-layout":"default","ast-site-content-layout":"default","site-content-style":"default","site-sidebar-style":"default","ast-global-header-display":"","ast-banner-title-visibility":"","ast-main-header-display":"","ast-hfb-above-header-display":"","ast-hfb-below-header-display":"","ast-hfb-mobile-header-display":"","site-post-title":"","ast-breadcrumbs-content":"","ast-featured-img":"","footer-sml-layout":"","ast-disable-related-posts":"","theme-transparent-header-meta":"default","adv-header-id-meta":"","stick-header-meta":"default","header-above-stick-meta":"","header-main-stick-meta":"","header-below-stick-meta":"","astra-migrate-meta-layouts":"default","ast-page-background-enabled":"default","ast-page-background-meta":{"desktop":{"background-color":"","background-image":"","background-repeat":"repeat","background-position":"center center","background-size":"auto","background-attachment":"scroll","background-type":"","background-media":"","overlay-type":"","overlay-color":"","overlay-opacity":"","overlay-gradient":""},"tablet":{"background-color":"","background-image":"","background-repeat":"repeat","background-position":"center center","background-size":"auto","background-attachment":"scroll","background-type":"","background-media":"","overlay-type":"","overlay-color":"","overlay-opacity":"","overlay-gradient":""},"mobile":{"background-color":"","background-image":"","background-repeat":"repeat","background-position":"center center","background-size":"auto","background-attachment":"scroll","background-type":"","background-media":"","overlay-type":"","overlay-color":"","overlay-opacity":"","overlay-gradient":""}},"ast-content-background-meta":{"desktop":{"background-color":"var(--ast-global-color-5)","background-image":"","background-repeat":"repeat","background-position":"center center","background-size":"auto","background-attachment":"scroll","background-type":"","background-media":"","overlay-type":"","overlay-color":"","overlay-opacity":"","overlay-gradient":""},"tablet":{"background-color":"var(--ast-global-color-5)","background-image":"","background-repeat":"repeat","background-position":"center center","background-size":"auto","background-attachment":"scroll","background-type":"","background-media":"","overlay-type":"","overlay-color":"","overlay-opacity":"","overlay-gradient":""},"mobile":{"background-color":"var(--ast-global-color-5)","background-image":"","background-repeat":"repeat","background-position":"center center","background-size":"auto","background-attachment":"scroll","background-type":"","background-media":"","overlay-type":"","overlay-color":"","overlay-opacity":"","overlay-gradient":""}},"footnotes":""},"class_list":["post-3762","page","type-page","status-publish","hentry"],"yoast_head":"<title>Contrats g\u00e9n\u00e9raux de vente &#8211; Boogaerts NV<\/title>\n<meta name=\"robots\" content=\"index, follow, max-snippet:-1, max-image-preview:large, max-video-preview:-1\" \/>\n<link rel=\"canonical\" href=\"https:\/\/boogaerts.be\/fr\/algemene-verkoopvoorwaarden\/\" \/>\n<meta property=\"og:locale\" content=\"fr_FR\" \/>\n<meta property=\"og:type\" content=\"article\" \/>\n<meta property=\"og:title\" content=\"Contrats g\u00e9n\u00e9raux de vente &#8211; Boogaerts NV\" \/>\n<meta property=\"og:description\" content=\"En vertu du contrat, l&#8217;acheteur est r\u00e9put\u00e9 avoir pris connaissance des conditions de vente et d\u00e9clare les accepter, quelles que soient les conditions d&#8217;achat qui pourraient leur \u00eatre contraires. Tous nos prix sont &#8220;r\u00e9cup\u00e9r\u00e9s&#8221; dans notre entrep\u00f4t \u00e0 Oostmalle. Tous les frais d&#8217;exp\u00e9dition seront factur\u00e9s. Toutes les ventes s&#8217;effectuent au comptant, net sans escompte, sauf [&hellip;]\" \/>\n<meta property=\"og:url\" content=\"https:\/\/boogaerts.be\/fr\/algemene-verkoopvoorwaarden\/\" \/>\n<meta property=\"og:site_name\" content=\"Boogaerts NV\" \/>\n<meta property=\"article:modified_time\" content=\"2022-06-08T11:41:24+00:00\" \/>\n<meta name=\"twitter:card\" content=\"summary_large_image\" \/>\n<meta name=\"twitter:label1\" content=\"Est. reading time\" \/>\n\t<meta name=\"twitter:data1\" content=\"3 minutes\" \/>\n<script type=\"application\/ld+json\" class=\"yoast-schema-graph\">{\"@context\":\"https:\\\/\\\/schema.org\",\"@graph\":[{\"@type\":\"WebPage\",\"@id\":\"https:\\\/\\\/boogaerts.be\\\/fr\\\/algemene-verkoopvoorwaarden\\\/\",\"url\":\"https:\\\/\\\/boogaerts.be\\\/fr\\\/algemene-verkoopvoorwaarden\\\/\",\"name\":\"Contrats g\u00e9n\u00e9raux de vente &#8211; Boogaerts NV\",\"isPartOf\":{\"@id\":\"https:\\\/\\\/boogaerts.be\\\/fr\\\/#website\"},\"datePublished\":\"2022-06-08T08:12:51+00:00\",\"dateModified\":\"2022-06-08T11:41:24+00:00\",\"breadcrumb\":{\"@id\":\"https:\\\/\\\/boogaerts.be\\\/fr\\\/algemene-verkoopvoorwaarden\\\/#breadcrumb\"},\"inLanguage\":\"fr-FR\",\"potentialAction\":[{\"@type\":\"ReadAction\",\"target\":[\"https:\\\/\\\/boogaerts.be\\\/fr\\\/algemene-verkoopvoorwaarden\\\/\"]}]},{\"@type\":\"BreadcrumbList\",\"@id\":\"https:\\\/\\\/boogaerts.be\\\/fr\\\/algemene-verkoopvoorwaarden\\\/#breadcrumb\",\"itemListElement\":[{\"@type\":\"ListItem\",\"position\":1,\"name\":\"Home\",\"item\":\"https:\\\/\\\/boogaerts.be\\\/fr\\\/\"},{\"@type\":\"ListItem\",\"position\":2,\"name\":\"Contrats g\u00e9n\u00e9raux de vente\"}]},{\"@type\":\"WebSite\",\"@id\":\"https:\\\/\\\/boogaerts.be\\\/fr\\\/#website\",\"url\":\"https:\\\/\\\/boogaerts.be\\\/fr\\\/\",\"name\":\"Boogaerts NV\",\"description\":\"brandwerende deuren - metalen kozijnen - stalen kozijnen - binnendeuren\",\"publisher\":{\"@id\":\"https:\\\/\\\/boogaerts.be\\\/fr\\\/#organization\"},\"potentialAction\":[{\"@type\":\"SearchAction\",\"target\":{\"@type\":\"EntryPoint\",\"urlTemplate\":\"https:\\\/\\\/boogaerts.be\\\/fr\\\/?s={search_term_string}\"},\"query-input\":{\"@type\":\"PropertyValueSpecification\",\"valueRequired\":true,\"valueName\":\"search_term_string\"}}],\"inLanguage\":\"fr-FR\"},{\"@type\":\"Organization\",\"@id\":\"https:\\\/\\\/boogaerts.be\\\/fr\\\/#organization\",\"name\":\"Boogaerts NV\",\"url\":\"https:\\\/\\\/boogaerts.be\\\/fr\\\/\",\"logo\":{\"@type\":\"ImageObject\",\"inLanguage\":\"fr-FR\",\"@id\":\"https:\\\/\\\/boogaerts.be\\\/fr\\\/#\\\/schema\\\/logo\\\/image\\\/\",\"url\":\"https:\\\/\\\/boogaerts.be\\\/app\\\/uploads\\\/2021\\\/09\\\/logo-v2.png\",\"contentUrl\":\"https:\\\/\\\/boogaerts.be\\\/app\\\/uploads\\\/2021\\\/09\\\/logo-v2.png\",\"width\":609,\"height\":144,\"caption\":\"Boogaerts NV\"},\"image\":{\"@id\":\"https:\\\/\\\/boogaerts.be\\\/fr\\\/#\\\/schema\\\/logo\\\/image\\\/\"},\"sameAs\":[\"https:\\\/\\\/www.linkedin.com\\\/company\\\/boogaertsnv\"]}]}<\/script>","yoast_head_json":{"title":"Contrats g\u00e9n\u00e9raux de vente &#8211; Boogaerts NV","robots":{"index":"index","follow":"follow","max-snippet":"max-snippet:-1","max-image-preview":"max-image-preview:large","max-video-preview":"max-video-preview:-1"},"canonical":"https:\/\/boogaerts.be\/fr\/algemene-verkoopvoorwaarden\/","og_locale":"fr_FR","og_type":"article","og_title":"Contrats g\u00e9n\u00e9raux de vente &#8211; Boogaerts NV","og_description":"En vertu du contrat, l&#8217;acheteur est r\u00e9put\u00e9 avoir pris connaissance des conditions de vente et d\u00e9clare les accepter, quelles que soient les conditions d&#8217;achat qui pourraient leur \u00eatre contraires. Tous nos prix sont &#8220;r\u00e9cup\u00e9r\u00e9s&#8221; dans notre entrep\u00f4t \u00e0 Oostmalle. Tous les frais d&#8217;exp\u00e9dition seront factur\u00e9s. Toutes les ventes s&#8217;effectuent au comptant, net sans escompte, sauf [&hellip;]","og_url":"https:\/\/boogaerts.be\/fr\/algemene-verkoopvoorwaarden\/","og_site_name":"Boogaerts NV","article_modified_time":"2022-06-08T11:41:24+00:00","twitter_card":"summary_large_image","twitter_misc":{"Est. reading time":"3 minutes"},"schema":{"@context":"https:\/\/schema.org","@graph":[{"@type":"WebPage","@id":"https:\/\/boogaerts.be\/fr\/algemene-verkoopvoorwaarden\/","url":"https:\/\/boogaerts.be\/fr\/algemene-verkoopvoorwaarden\/","name":"Contrats g\u00e9n\u00e9raux de vente &#8211; Boogaerts NV","isPartOf":{"@id":"https:\/\/boogaerts.be\/fr\/#website"},"datePublished":"2022-06-08T08:12:51+00:00","dateModified":"2022-06-08T11:41:24+00:00","breadcrumb":{"@id":"https:\/\/boogaerts.be\/fr\/algemene-verkoopvoorwaarden\/#breadcrumb"},"inLanguage":"fr-FR","potentialAction":[{"@type":"ReadAction","target":["https:\/\/boogaerts.be\/fr\/algemene-verkoopvoorwaarden\/"]}]},{"@type":"BreadcrumbList","@id":"https:\/\/boogaerts.be\/fr\/algemene-verkoopvoorwaarden\/#breadcrumb","itemListElement":[{"@type":"ListItem","position":1,"name":"Home","item":"https:\/\/boogaerts.be\/fr\/"},{"@type":"ListItem","position":2,"name":"Contrats g\u00e9n\u00e9raux de vente"}]},{"@type":"WebSite","@id":"https:\/\/boogaerts.be\/fr\/#website","url":"https:\/\/boogaerts.be\/fr\/","name":"Boogaerts NV","description":"brandwerende deuren - metalen kozijnen - stalen kozijnen - binnendeuren","publisher":{"@id":"https:\/\/boogaerts.be\/fr\/#organization"},"potentialAction":[{"@type":"SearchAction","target":{"@type":"EntryPoint","urlTemplate":"https:\/\/boogaerts.be\/fr\/?s={search_term_string}"},"query-input":{"@type":"PropertyValueSpecification","valueRequired":true,"valueName":"search_term_string"}}],"inLanguage":"fr-FR"},{"@type":"Organization","@id":"https:\/\/boogaerts.be\/fr\/#organization","name":"Boogaerts NV","url":"https:\/\/boogaerts.be\/fr\/","logo":{"@type":"ImageObject","inLanguage":"fr-FR","@id":"https:\/\/boogaerts.be\/fr\/#\/schema\/logo\/image\/","url":"https:\/\/boogaerts.be\/app\/uploads\/2021\/09\/logo-v2.png","contentUrl":"https:\/\/boogaerts.be\/app\/uploads\/2021\/09\/logo-v2.png","width":609,"height":144,"caption":"Boogaerts NV"},"image":{"@id":"https:\/\/boogaerts.be\/fr\/#\/schema\/logo\/image\/"},"sameAs":["https:\/\/www.linkedin.com\/company\/boogaertsnv"]}]}},"_links":{"self":[{"href":"https:\/\/boogaerts.be\/fr\/wp-json\/wp\/v2\/pages\/3762","targetHints":{"allow":["GET"]}}],"collection":[{"href":"https:\/\/boogaerts.be\/fr\/wp-json\/wp\/v2\/pages"}],"about":[{"href":"https:\/\/boogaerts.be\/fr\/wp-json\/wp\/v2\/types\/page"}],"author":[{"embeddable":true,"href":"https:\/\/boogaerts.be\/fr\/wp-json\/wp\/v2\/users\/1"}],"replies":[{"embeddable":true,"href":"https:\/\/boogaerts.be\/fr\/wp-json\/wp\/v2\/comments?post=3762"}],"version-history":[{"count":3,"href":"https:\/\/boogaerts.be\/fr\/wp-json\/wp\/v2\/pages\/3762\/revisions"}],"predecessor-version":[{"id":3836,"href":"https:\/\/boogaerts.be\/fr\/wp-json\/wp\/v2\/pages\/3762\/revisions\/3836"}],"wp:attachment":[{"href":"https:\/\/boogaerts.be\/fr\/wp-json\/wp\/v2\/media?parent=3762"}],"curies":[{"name":"wp","href":"https:\/\/api.w.org\/{rel}","templated":true}]}}