{"id":3784,"date":"2022-06-08T09:52:15","date_gmt":"2022-06-08T08:52:15","guid":{"rendered":"https:\/\/boogaerts.be\/huisseries-metalliques\/"},"modified":"2022-06-08T09:52:19","modified_gmt":"2022-06-08T08:52:19","slug":"huisseries-metalliques","status":"publish","type":"page","link":"https:\/\/boogaerts.be\/fr\/huisseries-metalliques\/","title":{"rendered":"Huisseries m\u00e9talliques"},"content":{"rendered":"\t\t<div data-elementor-type=\"wp-post\" data-elementor-id=\"3784\" class=\"elementor elementor-3784 elementor-3443\" data-elementor-post-type=\"page\">\n\t\t\t\t\t\t<section class=\"elementor-section elementor-top-section elementor-element elementor-element-b82418e elementor-section-boxed elementor-section-height-default elementor-section-height-default\" data-id=\"b82418e\" data-element_type=\"section\" data-e-type=\"section\" data-settings=\"{&quot;background_background&quot;:&quot;classic&quot;}\">\n\t\t\t\t\t\t\t<div class=\"elementor-background-overlay\"><\/div>\n\t\t\t\t\t\t\t<div class=\"elementor-container elementor-column-gap-no\">\n\t\t\t\t\t<div class=\"elementor-column elementor-col-100 elementor-top-column elementor-element elementor-element-ecd0da1\" data-id=\"ecd0da1\" data-element_type=\"column\" data-e-type=\"column\" data-settings=\"{&quot;background_background&quot;:&quot;classic&quot;}\">\n\t\t\t<div class=\"elementor-widget-wrap elementor-element-populated\">\n\t\t\t\t\t\t<div class=\"elementor-element elementor-element-5a11fed elementor-widget elementor-widget-heading\" data-id=\"5a11fed\" data-element_type=\"widget\" data-e-type=\"widget\" data-widget_type=\"heading.default\">\n\t\t\t\t<div class=\"elementor-widget-container\">\n\t\t\t\t\t<h1 class=\"elementor-heading-title elementor-size-default\">Huisseries m\u00e9talliques<\/h1>\t\t\t\t<\/div>\n\t\t\t\t<\/div>\n\t\t\t\t<div class=\"elementor-element elementor-element-0ae3611 elementor-widget-divider--view-line elementor-widget elementor-widget-divider\" data-id=\"0ae3611\" data-element_type=\"widget\" data-e-type=\"widget\" data-widget_type=\"divider.default\">\n\t\t\t\t<div class=\"elementor-widget-container\">\n\t\t\t\t\t\t\t<div class=\"elementor-divider\">\n\t\t\t<span class=\"elementor-divider-separator\">\n\t\t\t\t\t\t<\/span>\n\t\t<\/div>\n\t\t\t\t\t\t<\/div>\n\t\t\t\t<\/div>\n\t\t\t\t<div class=\"elementor-element elementor-element-4952163 elementor-widget elementor-widget-text-editor\" data-id=\"4952163\" data-element_type=\"widget\" data-e-type=\"widget\" data-widget_type=\"text-editor.default\">\n\t\t\t\t<div class=\"elementor-widget-container\">\n\t\t\t\t\t\t\t\t\t<p>Les cadres m\u00e9talliques sont notre produit phare. Depuis 1961, nous produisons huisseries m\u00e9talliques de haute qualit\u00e9. <\/p><p>Nos cadres sont \u00e9galement disponibles avec un rev\u00eatement en poudre EPC. Gr\u00e2ce \u00e0 notre propre installation de peinture, nous pouvons garantir des d\u00e9lais de livraison rapides.<\/p>\t\t\t\t\t\t\t\t<\/div>\n\t\t\t\t<\/div>\n\t\t\t\t\t<\/div>\n\t\t<\/div>\n\t\t\t\t\t<\/div>\n\t\t<\/section>\n\t\t\t\t<section class=\"elementor-section elementor-top-section elementor-element elementor-element-6f2e584 elementor-section-boxed elementor-section-height-default elementor-section-height-default\" data-id=\"6f2e584\" data-element_type=\"section\" data-e-type=\"section\">\n\t\t\t\t\t\t<div class=\"elementor-container elementor-column-gap-default\">\n\t\t\t\t\t<div class=\"elementor-column elementor-col-100 elementor-top-column elementor-element elementor-element-1fb8ca3\" data-id=\"1fb8ca3\" data-element_type=\"column\" data-e-type=\"column\">\n\t\t\t<div class=\"elementor-widget-wrap elementor-element-populated\">\n\t\t\t\t\t\t<div class=\"elementor-element elementor-element-87f363a elementor-widget elementor-widget-heading\" data-id=\"87f363a\" data-element_type=\"widget\" data-e-type=\"widget\" data-widget_type=\"heading.default\">\n\t\t\t\t<div class=\"elementor-widget-container\">\n\t\t\t\t\t<h2 class=\"elementor-heading-title elementor-size-default\">Types de cadres m\u00e9talliques<\/h2>\t\t\t\t<\/div>\n\t\t\t\t<\/div>\n\t\t\t\t<div class=\"elementor-element elementor-element-1892d8e elementor-widget-divider--view-line elementor-widget elementor-widget-divider\" data-id=\"1892d8e\" data-element_type=\"widget\" data-e-type=\"widget\" data-widget_type=\"divider.default\">\n\t\t\t\t<div class=\"elementor-widget-container\">\n\t\t\t\t\t\t\t<div class=\"elementor-divider\">\n\t\t\t<span class=\"elementor-divider-separator\">\n\t\t\t\t\t\t<\/span>\n\t\t<\/div>\n\t\t\t\t\t\t<\/div>\n\t\t\t\t<\/div>\n\t\t\t\t\t<\/div>\n\t\t<\/div>\n\t\t\t\t\t<\/div>\n\t\t<\/section>\n\t\t\t\t<section class=\"elementor-section elementor-top-section elementor-element elementor-element-7e9df89 elementor-section-boxed elementor-section-height-default elementor-section-height-default\" data-id=\"7e9df89\" data-element_type=\"section\" data-e-type=\"section\">\n\t\t\t\t\t\t<div class=\"elementor-container elementor-column-gap-default\">\n\t\t\t\t\t<div class=\"elementor-column elementor-col-100 elementor-top-column elementor-element elementor-element-23a76f5\" data-id=\"23a76f5\" data-element_type=\"column\" data-e-type=\"column\">\n\t\t\t<div class=\"elementor-widget-wrap elementor-element-populated\">\n\t\t\t\t\t\t<div class=\"elementor-element elementor-element-e71ede6 elementor-widget elementor-widget-text-editor\" data-id=\"e71ede6\" data-element_type=\"widget\" data-e-type=\"widget\" data-widget_type=\"text-editor.default\">\n\t\t\t\t<div class=\"elementor-widget-container\">\n\t\t\t\t\t\t\t\t\t<ul><li><a href=\"https:\/\/boogaerts.be\/metalen-deurkozijnen-type-1d\/\">Huisseries m\u00e9talliques monobloc \u00e0 couler<\/a><\/li><li><a href=\"https:\/\/boogaerts.be\/metalen-deurkozijnen-type-2d\/\">Huisseries m\u00e9talliques montage (en deux parties)<\/a><\/li><li><a href=\"https:\/\/boogaerts.be\/metalen-deurkozijnen-type-3d\/\">Cadres m\u00e9talliques en 3 parties<\/a><\/li><li><a href=\"https:\/\/boogaerts.be\/metalen-schuifdeurkozijnen\/\">huisseries m\u00e9talliques pour portes coulissantes<\/a><\/li><\/ul>\t\t\t\t\t\t\t\t<\/div>\n\t\t\t\t<\/div>\n\t\t\t\t<div class=\"elementor-element elementor-element-8a327c9 elementor-invisible elementor-widget elementor-widget-image\" data-id=\"8a327c9\" data-element_type=\"widget\" data-e-type=\"widget\" data-settings=\"{&quot;motion_fx_motion_fx_scrolling&quot;:&quot;yes&quot;,&quot;_animation&quot;:&quot;zoomIn&quot;,&quot;motion_fx_devices&quot;:[&quot;desktop&quot;,&quot;tablet&quot;,&quot;mobile&quot;]}\" data-widget_type=\"image.default\">\n\t\t\t\t<div class=\"elementor-widget-container\">\n\t\t\t\t\t\t\t\t\t\t\t\t\t\t\t<img fetchpriority=\"high\" decoding=\"async\" width=\"768\" height=\"1024\" src=\"https:\/\/boogaerts.be\/app\/uploads\/2022\/04\/Spuitcabine-768x1024.jpg\" class=\"attachment-medium_large size-medium_large wp-image-3479\" alt=\"cabine de peinture pour huisseries\" srcset=\"https:\/\/boogaerts.be\/app\/uploads\/2022\/04\/Spuitcabine-768x1024.jpg 768w, https:\/\/boogaerts.be\/app\/uploads\/2022\/04\/Spuitcabine-225x300.jpg 225w, https:\/\/boogaerts.be\/app\/uploads\/2022\/04\/Spuitcabine-1152x1536.jpg 1152w, https:\/\/boogaerts.be\/app\/uploads\/2022\/04\/Spuitcabine-1536x2048.jpg 1536w, https:\/\/boogaerts.be\/app\/uploads\/2022\/04\/Spuitcabine-scaled.jpg 1920w\" sizes=\"(max-width: 768px) 100vw, 768px\" \/>\t\t\t\t\t\t\t\t\t\t\t\t\t\t\t<\/div>\n\t\t\t\t<\/div>\n\t\t\t\t\t<\/div>\n\t\t<\/div>\n\t\t\t\t\t<\/div>\n\t\t<\/section>\n\t\t\t\t<section class=\"elementor-section elementor-top-section elementor-element elementor-element-c8ed3e6 elementor-section-boxed elementor-section-height-default elementor-section-height-default\" data-id=\"c8ed3e6\" data-element_type=\"section\" data-e-type=\"section\">\n\t\t\t\t\t\t<div class=\"elementor-container elementor-column-gap-default\">\n\t\t\t\t\t<div class=\"elementor-column elementor-col-100 elementor-top-column elementor-element elementor-element-ad1e039\" data-id=\"ad1e039\" data-element_type=\"column\" data-e-type=\"column\">\n\t\t\t<div class=\"elementor-widget-wrap elementor-element-populated\">\n\t\t\t\t\t\t<div class=\"elementor-element elementor-element-7501682 elementor-widget elementor-widget-spacer\" data-id=\"7501682\" data-element_type=\"widget\" data-e-type=\"widget\" data-widget_type=\"spacer.default\">\n\t\t\t\t<div class=\"elementor-widget-container\">\n\t\t\t\t\t\t\t<div class=\"elementor-spacer\">\n\t\t\t<div class=\"elementor-spacer-inner\"><\/div>\n\t\t<\/div>\n\t\t\t\t\t\t<\/div>\n\t\t\t\t<\/div>\n\t\t\t\t\t<\/div>\n\t\t<\/div>\n\t\t\t\t\t<\/div>\n\t\t<\/section>\n\t\t\t\t<\/div>\n\t\t","protected":false},"excerpt":{"rendered":"<p>Huisseries m\u00e9talliques Les cadres m\u00e9talliques sont notre produit phare. Depuis 1961, nous produisons huisseries m\u00e9talliques de haute qualit\u00e9. Nos cadres sont \u00e9galement disponibles avec un rev\u00eatement en poudre EPC. Gr\u00e2ce \u00e0 notre propre installation de peinture, nous pouvons garantir des d\u00e9lais de livraison rapides. Types de cadres m\u00e9talliques Huisseries m\u00e9talliques monobloc \u00e0 couler Huisseries m\u00e9talliques [&hellip;]<\/p>\n","protected":false},"author":2,"featured_media":3450,"parent":0,"menu_order":0,"comment_status":"closed","ping_status":"closed","template":"","meta":{"site-sidebar-layout":"no-sidebar","site-content-layout":"page-builder","ast-site-content-layout":"default","site-content-style":"default","site-sidebar-style":"default","ast-global-header-display":"","ast-banner-title-visibility":"","ast-main-header-display":"","ast-hfb-above-header-display":"","ast-hfb-below-header-display":"","ast-hfb-mobile-header-display":"","site-post-title":"disabled","ast-breadcrumbs-content":"","ast-featured-img":"disabled","footer-sml-layout":"","ast-disable-related-posts":"","theme-transparent-header-meta":"enabled","adv-header-id-meta":"","stick-header-meta":"default","header-above-stick-meta":"","header-main-stick-meta":"","header-below-stick-meta":"","astra-migrate-meta-layouts":"default","ast-page-background-enabled":"default","ast-page-background-meta":{"desktop":{"background-color":"","background-image":"","background-repeat":"repeat","background-position":"center center","background-size":"auto","background-attachment":"scroll","background-type":"","background-media":"","overlay-type":"","overlay-color":"","overlay-opacity":"","overlay-gradient":""},"tablet":{"background-color":"","background-image":"","background-repeat":"repeat","background-position":"center center","background-size":"auto","background-attachment":"scroll","background-type":"","background-media":"","overlay-type":"","overlay-color":"","overlay-opacity":"","overlay-gradient":""},"mobile":{"background-color":"","background-image":"","background-repeat":"repeat","background-position":"center center","background-size":"auto","background-attachment":"scroll","background-type":"","background-media":"","overlay-type":"","overlay-color":"","overlay-opacity":"","overlay-gradient":""}},"ast-content-background-meta":{"desktop":{"background-color":"var(--ast-global-color-5)","background-image":"","background-repeat":"repeat","background-position":"center center","background-size":"auto","background-attachment":"scroll","background-type":"","background-media":"","overlay-type":"","overlay-color":"","overlay-opacity":"","overlay-gradient":""},"tablet":{"background-color":"var(--ast-global-color-5)","background-image":"","background-repeat":"repeat","background-position":"center center","background-size":"auto","background-attachment":"scroll","background-type":"","background-media":"","overlay-type":"","overlay-color":"","overlay-opacity":"","overlay-gradient":""},"mobile":{"background-color":"var(--ast-global-color-5)","background-image":"","background-repeat":"repeat","background-position":"center center","background-size":"auto","background-attachment":"scroll","background-type":"","background-media":"","overlay-type":"","overlay-color":"","overlay-opacity":"","overlay-gradient":""}},"footnotes":""},"class_list":["post-3784","page","type-page","status-publish","has-post-thumbnail","hentry"],"yoast_head":"<title>Huisseries m\u00e9talliques &#8211; Boogaerts NV<\/title>\n<meta name=\"description\" content=\"Huisseries m\u00e9talliques pour portes Huisseries m\u00e9talliques, huisseries m\u00e9talliques pour portes int\u00e9rieures. Production locale, d\u00e9lai de livraison rapide.\" \/>\n<meta name=\"robots\" content=\"index, follow, max-snippet:-1, max-image-preview:large, max-video-preview:-1\" \/>\n<link rel=\"canonical\" href=\"https:\/\/boogaerts.be\/fr\/huisseries-metalliques\/\" \/>\n<meta property=\"og:locale\" content=\"fr_FR\" \/>\n<meta property=\"og:type\" content=\"article\" \/>\n<meta property=\"og:title\" content=\"Huisseries m\u00e9talliques &#8211; Boogaerts NV\" \/>\n<meta property=\"og:description\" content=\"Huisseries m\u00e9talliques pour portes Huisseries m\u00e9talliques, huisseries m\u00e9talliques pour portes int\u00e9rieures. Production locale, d\u00e9lai de livraison rapide.\" \/>\n<meta property=\"og:url\" content=\"https:\/\/boogaerts.be\/fr\/huisseries-metalliques\/\" \/>\n<meta property=\"og:site_name\" content=\"Boogaerts NV\" \/>\n<meta property=\"article:modified_time\" content=\"2022-06-08T08:52:19+00:00\" \/>\n<meta property=\"og:image\" content=\"https:\/\/boogaerts.be\/app\/uploads\/2022\/04\/IMG_0020-scaled.jpg\" \/>\n\t<meta property=\"og:image:width\" content=\"2560\" \/>\n\t<meta property=\"og:image:height\" content=\"1438\" \/>\n\t<meta property=\"og:image:type\" content=\"image\/jpeg\" \/>\n<meta name=\"twitter:card\" content=\"summary_large_image\" \/>\n<script type=\"application\/ld+json\" class=\"yoast-schema-graph\">{\"@context\":\"https:\\\/\\\/schema.org\",\"@graph\":[{\"@type\":\"WebPage\",\"@id\":\"https:\\\/\\\/boogaerts.be\\\/fr\\\/huisseries-metalliques\\\/\",\"url\":\"https:\\\/\\\/boogaerts.be\\\/fr\\\/huisseries-metalliques\\\/\",\"name\":\"Huisseries m\u00e9talliques &#8211; Boogaerts NV\",\"isPartOf\":{\"@id\":\"https:\\\/\\\/boogaerts.be\\\/fr\\\/#website\"},\"primaryImageOfPage\":{\"@id\":\"https:\\\/\\\/boogaerts.be\\\/fr\\\/huisseries-metalliques\\\/#primaryimage\"},\"image\":{\"@id\":\"https:\\\/\\\/boogaerts.be\\\/fr\\\/huisseries-metalliques\\\/#primaryimage\"},\"thumbnailUrl\":\"https:\\\/\\\/boogaerts.be\\\/app\\\/uploads\\\/2022\\\/04\\\/IMG_0020-scaled.jpg\",\"datePublished\":\"2022-06-08T08:52:15+00:00\",\"dateModified\":\"2022-06-08T08:52:19+00:00\",\"description\":\"Huisseries m\u00e9talliques pour portes Huisseries m\u00e9talliques, huisseries m\u00e9talliques pour portes int\u00e9rieures. Production locale, d\u00e9lai de livraison rapide.\",\"breadcrumb\":{\"@id\":\"https:\\\/\\\/boogaerts.be\\\/fr\\\/huisseries-metalliques\\\/#breadcrumb\"},\"inLanguage\":\"fr-FR\",\"potentialAction\":[{\"@type\":\"ReadAction\",\"target\":[\"https:\\\/\\\/boogaerts.be\\\/fr\\\/huisseries-metalliques\\\/\"]}]},{\"@type\":\"ImageObject\",\"inLanguage\":\"fr-FR\",\"@id\":\"https:\\\/\\\/boogaerts.be\\\/fr\\\/huisseries-metalliques\\\/#primaryimage\",\"url\":\"https:\\\/\\\/boogaerts.be\\\/app\\\/uploads\\\/2022\\\/04\\\/IMG_0020-scaled.jpg\",\"contentUrl\":\"https:\\\/\\\/boogaerts.be\\\/app\\\/uploads\\\/2022\\\/04\\\/IMG_0020-scaled.jpg\",\"width\":2560,\"height\":1438,\"caption\":\"huisseries m\u00e9talliques boogaerts\"},{\"@type\":\"BreadcrumbList\",\"@id\":\"https:\\\/\\\/boogaerts.be\\\/fr\\\/huisseries-metalliques\\\/#breadcrumb\",\"itemListElement\":[{\"@type\":\"ListItem\",\"position\":1,\"name\":\"Home\",\"item\":\"https:\\\/\\\/boogaerts.be\\\/fr\\\/\"},{\"@type\":\"ListItem\",\"position\":2,\"name\":\"Huisseries m\u00e9talliques\"}]},{\"@type\":\"WebSite\",\"@id\":\"https:\\\/\\\/boogaerts.be\\\/fr\\\/#website\",\"url\":\"https:\\\/\\\/boogaerts.be\\\/fr\\\/\",\"name\":\"Boogaerts NV\",\"description\":\"brandwerende deuren - metalen kozijnen - stalen kozijnen - binnendeuren\",\"publisher\":{\"@id\":\"https:\\\/\\\/boogaerts.be\\\/fr\\\/#organization\"},\"potentialAction\":[{\"@type\":\"SearchAction\",\"target\":{\"@type\":\"EntryPoint\",\"urlTemplate\":\"https:\\\/\\\/boogaerts.be\\\/fr\\\/?s={search_term_string}\"},\"query-input\":{\"@type\":\"PropertyValueSpecification\",\"valueRequired\":true,\"valueName\":\"search_term_string\"}}],\"inLanguage\":\"fr-FR\"},{\"@type\":\"Organization\",\"@id\":\"https:\\\/\\\/boogaerts.be\\\/fr\\\/#organization\",\"name\":\"Boogaerts NV\",\"url\":\"https:\\\/\\\/boogaerts.be\\\/fr\\\/\",\"logo\":{\"@type\":\"ImageObject\",\"inLanguage\":\"fr-FR\",\"@id\":\"https:\\\/\\\/boogaerts.be\\\/fr\\\/#\\\/schema\\\/logo\\\/image\\\/\",\"url\":\"https:\\\/\\\/boogaerts.be\\\/app\\\/uploads\\\/2021\\\/09\\\/logo-v2.png\",\"contentUrl\":\"https:\\\/\\\/boogaerts.be\\\/app\\\/uploads\\\/2021\\\/09\\\/logo-v2.png\",\"width\":609,\"height\":144,\"caption\":\"Boogaerts NV\"},\"image\":{\"@id\":\"https:\\\/\\\/boogaerts.be\\\/fr\\\/#\\\/schema\\\/logo\\\/image\\\/\"},\"sameAs\":[\"https:\\\/\\\/www.linkedin.com\\\/company\\\/boogaertsnv\"]}]}<\/script>","yoast_head_json":{"title":"Huisseries m\u00e9talliques &#8211; Boogaerts NV","description":"Huisseries m\u00e9talliques pour portes Huisseries m\u00e9talliques, huisseries m\u00e9talliques pour portes int\u00e9rieures. Production locale, d\u00e9lai de livraison rapide.","robots":{"index":"index","follow":"follow","max-snippet":"max-snippet:-1","max-image-preview":"max-image-preview:large","max-video-preview":"max-video-preview:-1"},"canonical":"https:\/\/boogaerts.be\/fr\/huisseries-metalliques\/","og_locale":"fr_FR","og_type":"article","og_title":"Huisseries m\u00e9talliques &#8211; Boogaerts NV","og_description":"Huisseries m\u00e9talliques pour portes Huisseries m\u00e9talliques, huisseries m\u00e9talliques pour portes int\u00e9rieures. Production locale, d\u00e9lai de livraison rapide.","og_url":"https:\/\/boogaerts.be\/fr\/huisseries-metalliques\/","og_site_name":"Boogaerts NV","article_modified_time":"2022-06-08T08:52:19+00:00","og_image":[{"width":2560,"height":1438,"url":"https:\/\/boogaerts.be\/app\/uploads\/2022\/04\/IMG_0020-scaled.jpg","type":"image\/jpeg"}],"twitter_card":"summary_large_image","schema":{"@context":"https:\/\/schema.org","@graph":[{"@type":"WebPage","@id":"https:\/\/boogaerts.be\/fr\/huisseries-metalliques\/","url":"https:\/\/boogaerts.be\/fr\/huisseries-metalliques\/","name":"Huisseries m\u00e9talliques &#8211; Boogaerts NV","isPartOf":{"@id":"https:\/\/boogaerts.be\/fr\/#website"},"primaryImageOfPage":{"@id":"https:\/\/boogaerts.be\/fr\/huisseries-metalliques\/#primaryimage"},"image":{"@id":"https:\/\/boogaerts.be\/fr\/huisseries-metalliques\/#primaryimage"},"thumbnailUrl":"https:\/\/boogaerts.be\/app\/uploads\/2022\/04\/IMG_0020-scaled.jpg","datePublished":"2022-06-08T08:52:15+00:00","dateModified":"2022-06-08T08:52:19+00:00","description":"Huisseries m\u00e9talliques pour portes Huisseries m\u00e9talliques, huisseries m\u00e9talliques pour portes int\u00e9rieures. Production locale, d\u00e9lai de livraison rapide.","breadcrumb":{"@id":"https:\/\/boogaerts.be\/fr\/huisseries-metalliques\/#breadcrumb"},"inLanguage":"fr-FR","potentialAction":[{"@type":"ReadAction","target":["https:\/\/boogaerts.be\/fr\/huisseries-metalliques\/"]}]},{"@type":"ImageObject","inLanguage":"fr-FR","@id":"https:\/\/boogaerts.be\/fr\/huisseries-metalliques\/#primaryimage","url":"https:\/\/boogaerts.be\/app\/uploads\/2022\/04\/IMG_0020-scaled.jpg","contentUrl":"https:\/\/boogaerts.be\/app\/uploads\/2022\/04\/IMG_0020-scaled.jpg","width":2560,"height":1438,"caption":"huisseries m\u00e9talliques boogaerts"},{"@type":"BreadcrumbList","@id":"https:\/\/boogaerts.be\/fr\/huisseries-metalliques\/#breadcrumb","itemListElement":[{"@type":"ListItem","position":1,"name":"Home","item":"https:\/\/boogaerts.be\/fr\/"},{"@type":"ListItem","position":2,"name":"Huisseries m\u00e9talliques"}]},{"@type":"WebSite","@id":"https:\/\/boogaerts.be\/fr\/#website","url":"https:\/\/boogaerts.be\/fr\/","name":"Boogaerts NV","description":"brandwerende deuren - metalen kozijnen - stalen kozijnen - binnendeuren","publisher":{"@id":"https:\/\/boogaerts.be\/fr\/#organization"},"potentialAction":[{"@type":"SearchAction","target":{"@type":"EntryPoint","urlTemplate":"https:\/\/boogaerts.be\/fr\/?s={search_term_string}"},"query-input":{"@type":"PropertyValueSpecification","valueRequired":true,"valueName":"search_term_string"}}],"inLanguage":"fr-FR"},{"@type":"Organization","@id":"https:\/\/boogaerts.be\/fr\/#organization","name":"Boogaerts NV","url":"https:\/\/boogaerts.be\/fr\/","logo":{"@type":"ImageObject","inLanguage":"fr-FR","@id":"https:\/\/boogaerts.be\/fr\/#\/schema\/logo\/image\/","url":"https:\/\/boogaerts.be\/app\/uploads\/2021\/09\/logo-v2.png","contentUrl":"https:\/\/boogaerts.be\/app\/uploads\/2021\/09\/logo-v2.png","width":609,"height":144,"caption":"Boogaerts NV"},"image":{"@id":"https:\/\/boogaerts.be\/fr\/#\/schema\/logo\/image\/"},"sameAs":["https:\/\/www.linkedin.com\/company\/boogaertsnv"]}]}},"_links":{"self":[{"href":"https:\/\/boogaerts.be\/fr\/wp-json\/wp\/v2\/pages\/3784","targetHints":{"allow":["GET"]}}],"collection":[{"href":"https:\/\/boogaerts.be\/fr\/wp-json\/wp\/v2\/pages"}],"about":[{"href":"https:\/\/boogaerts.be\/fr\/wp-json\/wp\/v2\/types\/page"}],"author":[{"embeddable":true,"href":"https:\/\/boogaerts.be\/fr\/wp-json\/wp\/v2\/users\/2"}],"replies":[{"embeddable":true,"href":"https:\/\/boogaerts.be\/fr\/wp-json\/wp\/v2\/comments?post=3784"}],"version-history":[{"count":3,"href":"https:\/\/boogaerts.be\/fr\/wp-json\/wp\/v2\/pages\/3784\/revisions"}],"predecessor-version":[{"id":3787,"href":"https:\/\/boogaerts.be\/fr\/wp-json\/wp\/v2\/pages\/3784\/revisions\/3787"}],"wp:featuredmedia":[{"embeddable":true,"href":"https:\/\/boogaerts.be\/fr\/wp-json\/wp\/v2\/media\/3450"}],"wp:attachment":[{"href":"https:\/\/boogaerts.be\/fr\/wp-json\/wp\/v2\/media?parent=3784"}],"curies":[{"name":"wp","href":"https:\/\/api.w.org\/{rel}","templated":true}]}}